{"id":47,"date":"2022-08-23T08:44:36","date_gmt":"2022-08-23T06:44:36","guid":{"rendered":"https:\/\/netzwerk-redox-flow.de\/?page_id=47"},"modified":"2022-08-23T08:44:36","modified_gmt":"2022-08-23T06:44:36","slug":"impressum","status":"publish","type":"page","link":"https:\/\/netzwerk-redox-flow.de\/?page_id=47","title":{"rendered":"Impressum"},"content":{"rendered":"\n<h2 class=\"wp-block-heading\"><\/h2>\n\n\n\n<p>Fraunhofer-Gesellschaft&nbsp;zur F\u00f6rderung der angewandten Forschung e.V.<br>Hansastra\u00dfe 27c,&nbsp;80686 M\u00fcnchen<br>Telefon +49 89 1205- 0<br>Fax +49 89 1205-7531<br>E-Mail: info(at)zv.fraunhofer.de<\/p>\n\n\n\n<p><a href=\"https:\/\/www.fraunhofer.de\">www.fraunhofer.de<\/a><\/p>\n\n\n\n<h2 class=\"wp-block-heading\">Umsatzsteuer-Identifikationsnummer gem\u00e4\u00df \u00a7 27a Umsatzsteuergesetz<\/h2>\n\n\n\n<p>DE 129515865<\/p>\n\n\n\n<h2 class=\"wp-block-heading\">Registergericht<\/h2>\n\n\n\n<p>Amtsgericht M\u00fcnchen<br>Eingetragener Verein<br>Register-Nr. VR 4461<\/p>\n\n\n\n<h2 class=\"wp-block-heading\">Redaktionsverantwortlich im Sinne des Presserechts<\/h2>\n\n\n\n<p>Roman M\u00f6hlmann<br>Bereichsleiter Wissenschaftskommunikation<br>Fraunhofer-Gesellschaft e.V.<br>Hansastra\u00dfe 27c, 80686 M\u00fcnchen<br>Kontakt Online-Redaktion <a href=\"mailto:online-redaktion@zv.fraunhofer.de\" rel=\"noreferrer noopener\" target=\"_blank\">E-Mail senden<\/a><\/p>\n\n\n\n<h2 class=\"wp-block-heading\">Vorstand<\/h2>\n\n\n\n<p><strong>Prof. Dr.-Ing. Reimund Neugebauer<\/strong>&nbsp;| Pr\u00e4sident<br><strong>Prof. Dr. Alexander Kurz<\/strong>&nbsp;| Mitglied des Vorstands<br><strong>Prof. Dr. Axel M\u00fcller-Groeling<\/strong>&nbsp;| Mitglied des Vorstands<br><strong>Ass. jur. Elisabeth Ewen<\/strong>&nbsp;| Mitglied des Vorstands<br><strong>Dr. Sandra Krey<\/strong>&nbsp;| Mitglied des Vorstands<\/p>\n\n\n\n<h2 class=\"wp-block-heading\">Nutzungsrechte<\/h2>\n\n\n\n<p>Copyright \u00a9 by<br>Fraunhofer-Gesellschaft<\/p>\n\n\n\n<p>Alle Rechte vorbehalten.<br>Die Urheberrechte dieser Web-Site liegen vollst\u00e4ndig bei der Fraunhofer-Gesellschaft.<\/p>\n\n\n\n<p>Ein Download oder Ausdruck dieser Ver\u00f6ffentlichungen ist ausschlie\u00dflich f\u00fcr den pers\u00f6nlichen Gebrauch gestattet. Alle dar\u00fcber hinaus gehenden Verwendungen, insbesondere die kommerzielle Nutzung und Verbreitung, sind grunds\u00e4tzlich nicht gestattet und bed\u00fcrfen der schriftlichen Genehmigung.<\/p>\n\n\n\n<p>Ein Download oder Ausdruck ist dar\u00fcber hinaus lediglich zum Zweck der Berichterstattung \u00fcber die Fraunhofer-Gesellschaft und Ihre Institute nach Ma\u00dfgabe unten stehender Nutzungsbedingungen gestattet.<\/p>\n\n\n\n<p>Grafische Ver\u00e4nderungen an Bildmotiven &#8211; au\u00dfer zum Freistellen des Hauptmotivs &#8211; sind nicht gestattet. Es ist stets die Quellenangabe und \u00dcbersendung von zwei kostenlosen Belegexemplaren an die oben genannte Adresse erforderlich. Die Verwendung ist honorarfrei.<\/p>\n\n\n\n<h2 class=\"wp-block-heading\">Haftungshinweis<\/h2>\n\n\n\n<p><\/p>\n","protected":false},"excerpt":{"rendered":"<p>Fraunhofer-Gesellschaft&nbsp;zur F\u00f6rderung der angewandten Forschung e.V.Hansastra\u00dfe 27c,&nbsp;80686 M\u00fcnchenTelefon +49 89 1205- 0Fax +49 89 1205-7531E-Mail: info(at)zv.fraunhofer.de www.fraunhofer.de Umsatzsteuer-Identifikationsnummer gem\u00e4\u00df \u00a7 27a Umsatzsteuergesetz DE 129515865 Registergericht Amtsgericht M\u00fcnchenEingetragener VereinRegister-Nr. VR 4461 Redaktionsverantwortlich im Sinne des Presserechts Roman M\u00f6hlmannBereichsleiter WissenschaftskommunikationFraunhofer-Gesellschaft e.V.Hansastra\u00dfe 27c, 80686 M\u00fcnchenKontakt Online-Redaktion E-Mail senden Vorstand Prof. Dr.-Ing. Reimund Neugebauer&nbsp;| Pr\u00e4sidentProf. Dr. Alexander Kurz&nbsp;| Mitglied &hellip; <\/p>\n<p class=\"link-more\"><a href=\"https:\/\/netzwerk-redox-flow.de\/?page_id=47\" class=\"more-link\">Continue reading<span class=\"screen-reader-text\"> &#8220;Impressum&#8221;<\/span><\/a><\/p>\n","protected":false},"author":1,"featured_media":0,"parent":0,"menu_order":0,"comment_status":"closed","ping_status":"closed","template":"","meta":{"footnotes":""},"class_list":["post-47","page","type-page","status-publish","hentry"],"_links":{"self":[{"href":"https:\/\/netzwerk-redox-flow.de\/index.php?rest_route=\/wp\/v2\/pages\/47","targetHints":{"allow":["GET"]}}],"collection":[{"href":"https:\/\/netzwerk-redox-flow.de\/index.php?rest_route=\/wp\/v2\/pages"}],"about":[{"href":"https:\/\/netzwerk-redox-flow.de\/index.php?rest_route=\/wp\/v2\/types\/page"}],"author":[{"embeddable":true,"href":"https:\/\/netzwerk-redox-flow.de\/index.php?rest_route=\/wp\/v2\/users\/1"}],"replies":[{"embeddable":true,"href":"https:\/\/netzwerk-redox-flow.de\/index.php?rest_route=%2Fwp%2Fv2%2Fcomments&post=47"}],"version-history":[{"count":1,"href":"https:\/\/netzwerk-redox-flow.de\/index.php?rest_route=\/wp\/v2\/pages\/47\/revisions"}],"predecessor-version":[{"id":48,"href":"https:\/\/netzwerk-redox-flow.de\/index.php?rest_route=\/wp\/v2\/pages\/47\/revisions\/48"}],"wp:attachment":[{"href":"https:\/\/netzwerk-redox-flow.de\/index.php?rest_route=%2Fwp%2Fv2%2Fmedia&parent=47"}],"curies":[{"name":"wp","href":"https:\/\/api.w.org\/{rel}","templated":true}]}}